{"id":441,"date":"2024-07-05T15:33:30","date_gmt":"2024-07-05T13:33:30","guid":{"rendered":"https:\/\/acsadvocats.com\/accesibilidad\/"},"modified":"2024-07-18T14:34:51","modified_gmt":"2024-07-18T12:34:51","slug":"accessibilitat","status":"publish","type":"page","link":"https:\/\/acsadvocats.com\/ca\/accessibilitat\/","title":{"rendered":"Accessibilitat"},"content":{"rendered":"\n<div style=\"height:90px\" aria-hidden=\"true\" class=\"wp-block-spacer\"><\/div>\n\n<h1 class=\"wp-block-heading\">Accessibilitat<\/h1>\n\n<p>ACS ADVOCATS s&#8217;ha comprom\u00e8s a fer accessible el vostre lloc web, de conformitat amb el Reial Decret 1112\/2018, de 7 de setembre, sobre accessibilitat dels llocs web i aplicacions per a dispositius m\u00f2bils del sector p\u00fablic.<br\/>Aquesta declaraci\u00f3 d&#8217;accessibilitat s&#8217;aplica al lloc web <a href=\"https:\/\/acsadvocats.com\/ca\/\">https:\/\/acsadvocats.com\/<\/a>:<br\/><br\/><strong>Situaci\u00f3 de compliment<\/strong><br\/>Aquest lloc web \u00e9s parcialment conforme amb el RD 1112\/2018 a causa de les excepcions i la manca de conformitat dels aspectes que s&#8217;indiquen al seg\u00fcent punt.<br\/><br\/><strong>Contingut no accessible<\/strong><br\/>El contingut que es recull a continuaci\u00f3 no \u00e9s accessible pel seg\u00fcent:<br\/><br\/><strong>Manca de conformitat amb el RD 1112\/2018<\/strong><br\/>Podrien existir errors de codi puntuals dedici\u00f3 en alguna p\u00e0gina web. [4 .1.1 Procesamiento]<br\/>Al formulari de contacte, en utilitzar RECAPTCHA de Google, es genera al vol un camp g-recaptcha-response que no cont\u00e9 cap etiqueta (label) [1 .1.1 Non-text Content (Level A)]<br\/>A tots els v\u00eddeos de Youtube incrustats a la web que han estat editats per nosaltres s&#8217;han afegit subt\u00edtols. Si algun v\u00eddeo no cont\u00e9 subt\u00edtols \u00e9s perqu\u00e8 no cont\u00e9 di\u00e0legs, nom\u00e9s es compon de m\u00fasica ambiental.<\/p>\n\n<p>S&#8217;ha fet una revisi\u00f3 manual.<br\/><br\/><strong>C\u00e0rrega desproporcionada<\/strong><br\/>No s&#8217;aplica.<br\/><br\/><strong>El contingut no entra dins de l&#8217;\u00e0mbit de la legislaci\u00f3 aplicable<\/strong><br\/>Podrien existir fitxers ofim\u00e0tics en PDF que no compleixin \u00edntegrament tots els requisits d&#8217;accessibilitat. Encara que s&#8217;ha procurat que la majoria s\u00ed que ho compleixin.<br\/><br\/><strong>Preparaci\u00f3 per a la seg\u00fcent declaraci\u00f3 d&#8217;accessibilitat<\/strong><br\/>Aquesta declaraci\u00f3 va ser preparada el 20 de juliol de 2024.<br\/>El m\u00e8tode emprat per preparar la declaraci\u00f3 ha estat una autoavaluaci\u00f3 duta a terme per la pr\u00f2pia empresa.<br\/><br\/><br\/><strong>Observacions i dades de contacte<\/strong><br\/>Podeu realitzar comunicacions sobre requisits d&#8217;accessibilitat (article 10.2.a del RD 1112\/2018) com ara:<\/p>\n\n<ul class=\"wp-block-list\">\n<li>Informar sobre qualsevol possible incompliment per part d&#8217;aquest lloc web<\/li>\n\n\n\n<li>Transmetre altres dificultats d&#8217;acc\u00e9s al contingut<\/li>\n\n\n\n<li>Formular qualsevol altra consulta o suggeriment de millora relativa a l&#8217;accessibilitat del lloc web mitjan\u00e7ant el formulari de contacte d&#8217;aquest lloc web o mitjan\u00e7ant el n\u00famero de tel\u00e8fon (+34) 93 539 85 33.<\/li>\n<\/ul>\n\n<p><strong>Podeu presentar:<\/strong><\/p>\n\n<ul class=\"wp-block-list\">\n<li>Queixa relativa al compliment dels requisits del RD 1112\/2018<\/li>\n\n\n\n<li>Sol\u00b7licitud d&#8217;informaci\u00f3 accessible relativa a:<\/li>\n\n\n\n<li>Continguts que estan exclosos de l\u00e0mbit daplicaci\u00f3 del RD 1112\/2018 segons el que estableix larticle 3, apartat 4<\/li>\n\n\n\n<li>Continguts que estan exempts del compliment dels requisits d&#8217;accessibilitat per imposar una c\u00e0rrega desproporcionada<\/li>\n<\/ul>\n\n<p>A la Sol\u00b7licitud d&#8217;informaci\u00f3 accessible, cal concretar, amb tota claredat, els fets, les raons i la petici\u00f3 que permetin constatar que es tracta d&#8217;una sol\u00b7licitud raonable i leg\u00edtima.<\/p>\n\n<p><strong>Contingut opcional<\/strong><br\/>Aquest portal est\u00e0 dissenyat per poder canviar la mida del text i el color, aix\u00ed com el fons de la p\u00e0gina mitjan\u00e7ant les opcions de configuraci\u00f3 est\u00e0ndard dels navegadors.<br\/>Si voleu canviar la mida de lletra del text als principals navegadors gr\u00e0fics utilitzeu els men\u00fas seg\u00fcents:<\/p>\n\n<p>Internet Explorer, Mozilla i Firefox: Veure &gt; Tamany de text<br\/>Opera: Veure &gt; Zoom<br\/>Safari: Veure &gt; Fer el text m\u00e9s gran<br\/>Chrome: Controla la p\u00e0gina actual &gt; Tamany de text<br\/>Per modificar la mida de tot a la p\u00e0gina:<br\/>Ctrl + + per augmentar-ho<br\/>Ctrl + \u2013 per disminuir-ho<br\/>Ctrl + 0 restaura la mida original del text<\/p>\n","protected":false},"excerpt":{"rendered":"<p>Accessibilitat ACS ADVOCATS s&#8217;ha comprom\u00e8s a fer accessible el vostre lloc web, de conformitat amb el Reial Decret 1112\/2018, de 7 de setembre, sobre accessibilitat dels<span class=\"excerpt-hellip\"> [\u2026]<\/span><\/p>\n","protected":false},"author":1,"featured_media":0,"parent":0,"menu_order":0,"comment_status":"closed","ping_status":"closed","template":"","meta":{"footnotes":""},"class_list":["post-441","page","type-page","status-publish","hentry"],"_links":{"self":[{"href":"https:\/\/acsadvocats.com\/ca\/wp-json\/wp\/v2\/pages\/441","targetHints":{"allow":["GET"]}}],"collection":[{"href":"https:\/\/acsadvocats.com\/ca\/wp-json\/wp\/v2\/pages"}],"about":[{"href":"https:\/\/acsadvocats.com\/ca\/wp-json\/wp\/v2\/types\/page"}],"author":[{"embeddable":true,"href":"https:\/\/acsadvocats.com\/ca\/wp-json\/wp\/v2\/users\/1"}],"replies":[{"embeddable":true,"href":"https:\/\/acsadvocats.com\/ca\/wp-json\/wp\/v2\/comments?post=441"}],"version-history":[{"count":3,"href":"https:\/\/acsadvocats.com\/ca\/wp-json\/wp\/v2\/pages\/441\/revisions"}],"predecessor-version":[{"id":446,"href":"https:\/\/acsadvocats.com\/ca\/wp-json\/wp\/v2\/pages\/441\/revisions\/446"}],"wp:attachment":[{"href":"https:\/\/acsadvocats.com\/ca\/wp-json\/wp\/v2\/media?parent=441"}],"curies":[{"name":"wp","href":"https:\/\/api.w.org\/{rel}","templated":true}]}}