{"id":447,"date":"2024-07-05T15:34:45","date_gmt":"2024-07-05T13:34:45","guid":{"rendered":"https:\/\/acsadvocats.com\/sobre-aquest-lloc-web\/"},"modified":"2024-07-18T11:21:35","modified_gmt":"2024-07-18T09:21:35","slug":"sobre-aquest-lloc-web","status":"publish","type":"page","link":"https:\/\/acsadvocats.com\/ca\/sobre-aquest-lloc-web\/","title":{"rendered":"Sobre aquest lloc web"},"content":{"rendered":"\n<div style=\"height:90px\" aria-hidden=\"true\" class=\"wp-block-spacer\"><\/div>\n\n<h1 class=\"wp-block-heading\">Sobre aquest lloc web<\/h1>\n\n<p>Aquest lloc web ha estat desenvolupat per <a href=\"http:\/\/enricsamso.com\/ca\/\" target=\"_blank\" rel=\"noreferrer noopener\">sams\u00f3, publicitat creativa<\/a> i <strong>finan\u00e7at per la Uni\u00f3 Europea \u2013 NextGenerationEU <\/strong>a trav\u00e9s del servei <strong>Kit Digital.<\/strong><\/p>\n\n<p><\/p>\n\n<figure class=\"wp-block-image size-full\"><img loading=\"lazy\" decoding=\"async\" width=\"1024\" height=\"344\" src=\"https:\/\/acsadvocats.com\/wp-content\/uploads\/2024\/07\/Compromiso_publicitario-1024x344-1.jpg\" alt=\"Kit digital\" class=\"wp-image-325\" srcset=\"https:\/\/acsadvocats.com\/wp-content\/uploads\/2024\/07\/Compromiso_publicitario-1024x344-1.jpg 1024w, https:\/\/acsadvocats.com\/wp-content\/uploads\/2024\/07\/Compromiso_publicitario-1024x344-1-500x168.jpg 500w, https:\/\/acsadvocats.com\/wp-content\/uploads\/2024\/07\/Compromiso_publicitario-1024x344-1-300x101.jpg 300w, https:\/\/acsadvocats.com\/wp-content\/uploads\/2024\/07\/Compromiso_publicitario-1024x344-1-768x258.jpg 768w, https:\/\/acsadvocats.com\/wp-content\/uploads\/2024\/07\/Compromiso_publicitario-1024x344-1-150x50.jpg 150w, https:\/\/acsadvocats.com\/wp-content\/uploads\/2024\/07\/Compromiso_publicitario-1024x344-1-480x161.jpg 480w\" sizes=\"auto, (max-width:767px) 480px, (max-width:1024px) 100vw, 1024px\" \/><\/figure>","protected":false},"excerpt":{"rendered":"<p>Sobre aquest lloc web Aquest lloc web ha estat desenvolupat per sams\u00f3, publicitat creativa i finan\u00e7at per la Uni\u00f3 Europea \u2013 NextGenerationEU a trav\u00e9s del servei<span class=\"excerpt-hellip\"> [\u2026]<\/span><\/p>\n","protected":false},"author":1,"featured_media":0,"parent":0,"menu_order":0,"comment_status":"closed","ping_status":"closed","template":"","meta":{"footnotes":""},"class_list":["post-447","page","type-page","status-publish","hentry"],"_links":{"self":[{"href":"https:\/\/acsadvocats.com\/ca\/wp-json\/wp\/v2\/pages\/447","targetHints":{"allow":["GET"]}}],"collection":[{"href":"https:\/\/acsadvocats.com\/ca\/wp-json\/wp\/v2\/pages"}],"about":[{"href":"https:\/\/acsadvocats.com\/ca\/wp-json\/wp\/v2\/types\/page"}],"author":[{"embeddable":true,"href":"https:\/\/acsadvocats.com\/ca\/wp-json\/wp\/v2\/users\/1"}],"replies":[{"embeddable":true,"href":"https:\/\/acsadvocats.com\/ca\/wp-json\/wp\/v2\/comments?post=447"}],"version-history":[{"count":1,"href":"https:\/\/acsadvocats.com\/ca\/wp-json\/wp\/v2\/pages\/447\/revisions"}],"predecessor-version":[{"id":448,"href":"https:\/\/acsadvocats.com\/ca\/wp-json\/wp\/v2\/pages\/447\/revisions\/448"}],"wp:attachment":[{"href":"https:\/\/acsadvocats.com\/ca\/wp-json\/wp\/v2\/media?parent=447"}],"curies":[{"name":"wp","href":"https:\/\/api.w.org\/{rel}","templated":true}]}}