{"id":460,"date":"2024-07-05T13:47:07","date_gmt":"2024-07-05T11:47:07","guid":{"rendered":"https:\/\/acsadvocats.com\/politica-de-cookies\/"},"modified":"2024-07-18T11:43:30","modified_gmt":"2024-07-18T09:43:30","slug":"politica-de-cookies","status":"publish","type":"page","link":"https:\/\/acsadvocats.com\/ca\/politica-de-cookies\/","title":{"rendered":"Pol\u00edtica de cookies"},"content":{"rendered":"\n<div style=\"height:90px\" aria-hidden=\"true\" class=\"wp-block-spacer\"><\/div>\n\n<h1 class=\"wp-block-heading\">Pol\u00edtica de cookies<\/h1>\n\n<style>\n    a.cky-banner-element {\n        padding: 8px 30px;\n        background: #F8F9FA;\n        color: #858A8F;\n        border: 1px solid #DEE2E6;\n        box-sizing: border-box;\n        border-radius: 2px;\n        cursor: pointer;\n    }\n<\/style><p>\n Data Efectiva: 23 de juliol de 2024 <br\/>\n \u00daltima Actualitzaci\u00f3: 23 de juliol de 2024\n<\/p>\n\n \n<h5>Qu\u00e8 s\u00f3n les cookies?<\/h5>\n<div class=\"cookie-policy-p\">\n    <p>Aquesta Pol\u00edtica de Cookies explica qu\u00e8 s\u00f3n les galetes i com les utilitzem, els tipus de galetes que utilitzem, la informaci\u00f3 que recopilem mitjan\u00e7ant galetes i com s&#8217;utilitza aquesta informaci\u00f3, i com gestionar la configuraci\u00f3 de galetes.<\/p>\n    <p>Les cookies s\u00f3n petits fitxers de text que s&#8217;utilitzen per emmagatzemar petites peces d&#8217;informaci\u00f3. S&#8217;emmagatzemen al dispositiu quan el lloc web es carrega al navegador. Aquestes cookies ens ajuden a fer que el lloc web funcioni correctament, sigui m\u00e9s segur, proporcioni una millor experi\u00e8ncia d&#8217;usuari i comprengui com funciona el lloc web, i per analitzar qu\u00e8 funciona i on necessita millores.<\/p>\n<\/div>\n\n \n<h5>Com utilitzem les cookies?<\/h5>\n<div class=\"cookie-policy-p\">\n    <p>Com la majoria dels serveis en l\u00ednia, el nostre lloc web utilitza galetes de primera i tercera part per a diversos prop\u00f2sits. Les cookies de primera part s\u00f3n principalment necess\u00e0ries perqu\u00e8 el lloc web funcioni correctament i no recopilen cap de les vostres dades d&#8217;identificaci\u00f3 personal.<\/p>\n    <p>Les cookies de tercera part utilitzades al nostre lloc web s\u00f3n principalment per entendre com funciona el lloc web, com interactua amb el nostre lloc web, mantenir segurs els nostres serveis, proporcionar anuncis rellevants per a vost\u00e8 i, en general, oferir-li una experi\u00e8ncia d&#8217;usuari millorada i ajudar a accelerar les vostres interaccions futures amb el nostre lloc web.<\/p>\n<\/div>\n\n \n<h5>Tipus de cookies que utilitzem<\/h5>\n\n<div class=\"cky-audit-table-element\"><\/div>\n\n \n<h5 style=\"margin-bottom:20px;\">Gestionar prefer\u00e8ncies de cookies<\/h5>\n\n<a class=\"cky-banner-element\">Configuraci\u00f3 de Cookies<\/a> <br\/><div>\n    <p>Podeu canviar les vostres prefer\u00e8ncies de cookies en qualsevol moment fent clic al bot\u00f3 anterior. Aix\u00f2 us permetr\u00e0 tornar a visitar el banner de consentiment de cookies i canviar les vostres prefer\u00e8ncies o retirar el vostre consentiment immediatament.<\/p>\n    <p>A m\u00e9s d&#8217;aix\u00f2, diferents navegadors proporcionen m\u00e8todes diferents per bloquejar i eliminar galetes utilitzades pels llocs web. Podeu canviar la configuraci\u00f3 del vostre navegador per bloquejar\/eliminar les cookies. A continuaci\u00f3, es troben els enlla\u00e7os als documents de suport sobre com gestionar i eliminar galetes dels principals navegadors web.<\/p>\n    <p>Chrome: <a href=\"https:\/\/support.google.com\/accounts\/answer\/32050\" target=\"_blank\" rel=\"noopener\">https:\/\/support.google.com\/accounts\/answer\/32050<\/a><\/p>\n    <p>Safari: <a href=\"https:\/\/support.apple.com\/en-in\/guide\/safari\/sfri11471\/mac\" target=\"_blank\" rel=\"noopener\">https:\/\/support.apple.com\/en-in\/guide\/safari\/sfri11471\/mac<\/a><\/p>\n    <p>Firefox: <a href=\"https:\/\/support.mozilla.org\/en-US\/kb\/clear-cookies-and-site-data-firefox?redirectslug=delete-cookies-remove-info-websites-stored&#038;redirectlocale=en-US\" target=\"_blank\" rel=\"noopener\">https:\/\/support.mozilla.org\/en-US\/kb\/clear-cookies-and-site-data-firefox?redirectslug=delete-cookies-remove-info-websites-stored&#038;redirectlocale=en-US<\/a><\/p>\n    <p>Internet Explorer: <a href=\"https:\/\/support.microsoft.com\/en-us\/topic\/how-to-delete-cookie-files-in-internet-explorer-bca9446f-d873-78de-77ba-d42645fa52fc\" target=\"_blank\" rel=\"noopener\">https:\/\/support.microsoft.com\/en-us\/topic\/how-to-delete-cookie-files-in-internet-explorer-bca9446f-d873-78de-77ba-d42645fa52fc<\/a><\/p>\n    <p>Si utilitzeu un altre navegador web, visiteu els documents de suport oficials del vostre navegador.<\/p>\n<\/div>\n\n \n","protected":false},"excerpt":{"rendered":"<p>Pol\u00edtica de cookies Data Efectiva: 23 de juliol de 2024 \u00daltima Actualitzaci\u00f3: 23 de juliol de 2024 Qu\u00e8 s\u00f3n les cookies? Aquesta Pol\u00edtica de Cookies explica<span class=\"excerpt-hellip\"> [\u2026]<\/span><\/p>\n","protected":false},"author":1,"featured_media":0,"parent":0,"menu_order":0,"comment_status":"closed","ping_status":"closed","template":"","meta":{"footnotes":""},"class_list":["post-460","page","type-page","status-publish","hentry"],"_links":{"self":[{"href":"https:\/\/acsadvocats.com\/ca\/wp-json\/wp\/v2\/pages\/460","targetHints":{"allow":["GET"]}}],"collection":[{"href":"https:\/\/acsadvocats.com\/ca\/wp-json\/wp\/v2\/pages"}],"about":[{"href":"https:\/\/acsadvocats.com\/ca\/wp-json\/wp\/v2\/types\/page"}],"author":[{"embeddable":true,"href":"https:\/\/acsadvocats.com\/ca\/wp-json\/wp\/v2\/users\/1"}],"replies":[{"embeddable":true,"href":"https:\/\/acsadvocats.com\/ca\/wp-json\/wp\/v2\/comments?post=460"}],"version-history":[{"count":1,"href":"https:\/\/acsadvocats.com\/ca\/wp-json\/wp\/v2\/pages\/460\/revisions"}],"predecessor-version":[{"id":461,"href":"https:\/\/acsadvocats.com\/ca\/wp-json\/wp\/v2\/pages\/460\/revisions\/461"}],"wp:attachment":[{"href":"https:\/\/acsadvocats.com\/ca\/wp-json\/wp\/v2\/media?parent=460"}],"curies":[{"name":"wp","href":"https:\/\/api.w.org\/{rel}","templated":true}]}}